{"id":2,"date":"2024-08-03T23:12:36","date_gmt":"2024-08-03T23:12:36","guid":{"rendered":"https:\/\/anthonypalacios.com\/?page_id=2"},"modified":"2024-08-08T21:06:28","modified_gmt":"2024-08-08T21:06:28","slug":"sample-page","status":"publish","type":"page","link":"https:\/\/anthonypalacios.com\/index.php\/sample-page\/","title":{"rendered":"El enga\u00f1o sagrado"},"content":{"rendered":"\n<p><\/p>\n\n\n\n<blockquote class=\"wp-block-quote is-layout-flow wp-block-quote-is-layout-flow\"><div class=\"wp-block-image\">\n<figure class=\"alignleft size-large is-resized\"><img loading=\"lazy\" decoding=\"async\" width=\"637\" height=\"1024\" src=\"https:\/\/anthonypalacios.com\/wp-content\/uploads\/2024\/08\/EES-book-mock-up-50-1-637x1024.png\" alt=\"\" class=\"wp-image-103\" style=\"width:298px;height:auto\" srcset=\"https:\/\/anthonypalacios.com\/wp-content\/uploads\/2024\/08\/EES-book-mock-up-50-1-637x1024.png 637w, https:\/\/anthonypalacios.com\/wp-content\/uploads\/2024\/08\/EES-book-mock-up-50-1-187x300.png 187w, https:\/\/anthonypalacios.com\/wp-content\/uploads\/2024\/08\/EES-book-mock-up-50-1-768x1234.png 768w, https:\/\/anthonypalacios.com\/wp-content\/uploads\/2024\/08\/EES-book-mock-up-50-1-956x1536.png 956w, https:\/\/anthonypalacios.com\/wp-content\/uploads\/2024\/08\/EES-book-mock-up-50-1.png 990w\" sizes=\"auto, (max-width: 637px) 100vw, 637px\" \/><\/figure>\n<\/div>\n\n\n<p>En un mundo donde el cielo y la tierra mantienen un delicado equilibrio gracias a un antiguo pacto, una amenaza surge de las profundidades de la eternidad.<\/p>\n\n\n\n<p>Un enigm\u00e1tico mensajero celestial desciende y entrega una solemne proclamaci\u00f3n que marca el momento crucial para que la elegida se embarque en un deber sagrado.<\/p>\n\n\n\n<p>Gabrielle Bryton, una joven de or\u00edgenes sombr\u00edos, atormentada por secretos olvidados que han marcado su vida, se ve arrastrada a un antiguo conflicto mientras desentra\u00f1a su papel como figura central de una misi\u00f3n envuelta en misterio.<\/p>\n\n\n\n<p>Gabrielle se embarca en una odisea plagada de peligros y revelaciones inesperadas. A lo largo de su viaje, encontrar\u00e1 la gu\u00eda de Nagar, miembro de un clan arcano conocido como los hijos de los ca\u00eddos, cuyas ra\u00edces se remontan a los albores de la civilizaci\u00f3n. Contar\u00e1 con el apoyo de la orden herm\u00e9tica Dextera Domini y se enfrentar\u00e1 a la presencia m\u00edstica de un \u00e1ngel.<\/p>\n\n\n\n<p>A medida que Gabrielle avanza en las inc\u00f3gnitas que la rodean, descubrir\u00e1 habilidades extraordinarias y vivir\u00e1 desaf\u00edos que pondr\u00e1n a prueba su valor y determinaci\u00f3n, debati\u00e9ndose entre la traici\u00f3n y la lealtad.<\/p>\n\n\n\n<p>Con cada paso, los l\u00edmites del bien y el mal se desdibujan peligrosamente mientras se acerca m\u00e1s a la verdad sobre su propia existencia, el significado de su designaci\u00f3n divina y las verdades ocultas que conforman su realidad.<\/p>\n\n\n\n<p>Prep\u00e1rate para dejarte cautivar por una historia de secretos ancestrales, pruebas \u00e9picas y decisiones cruciales que cuestionan el destino. El enga\u00f1o sagrado, el primer libro de la saga Los misterios celestiales, te sumergir\u00e1 en un mundo m\u00edstico donde la vida como la conocemos depende de una joven designada a cambiarlo todo.<\/p>\n<\/blockquote>\n","protected":false},"excerpt":{"rendered":"","protected":false},"author":1,"featured_media":0,"parent":0,"menu_order":0,"comment_status":"closed","ping_status":"open","template":"","meta":{"footnotes":""},"class_list":["post-2","page","type-page","status-publish","hentry"],"_links":{"self":[{"href":"https:\/\/anthonypalacios.com\/index.php\/wp-json\/wp\/v2\/pages\/2","targetHints":{"allow":["GET"]}}],"collection":[{"href":"https:\/\/anthonypalacios.com\/index.php\/wp-json\/wp\/v2\/pages"}],"about":[{"href":"https:\/\/anthonypalacios.com\/index.php\/wp-json\/wp\/v2\/types\/page"}],"author":[{"embeddable":true,"href":"https:\/\/anthonypalacios.com\/index.php\/wp-json\/wp\/v2\/users\/1"}],"replies":[{"embeddable":true,"href":"https:\/\/anthonypalacios.com\/index.php\/wp-json\/wp\/v2\/comments?post=2"}],"version-history":[{"count":4,"href":"https:\/\/anthonypalacios.com\/index.php\/wp-json\/wp\/v2\/pages\/2\/revisions"}],"predecessor-version":[{"id":104,"href":"https:\/\/anthonypalacios.com\/index.php\/wp-json\/wp\/v2\/pages\/2\/revisions\/104"}],"wp:attachment":[{"href":"https:\/\/anthonypalacios.com\/index.php\/wp-json\/wp\/v2\/media?parent=2"}],"curies":[{"name":"wp","href":"https:\/\/api.w.org\/{rel}","templated":true}]}}